{"id":14,"date":"2019-07-21T18:17:53","date_gmt":"2019-07-21T18:17:53","guid":{"rendered":"https:\/\/martina-fricke.com\/wordpress\/?page_id=14"},"modified":"2023-01-11T10:28:50","modified_gmt":"2023-01-11T10:28:50","slug":"impressum","status":"publish","type":"page","link":"https:\/\/www.martina-fricke.com\/index.php\/impressum\/","title":{"rendered":"Impressum"},"content":{"rendered":"<div id='full_slider_1'  class='avia-fullwidth-slider main_color avia-shadow   avia-builder-el-0  el_before_av_section  avia-builder-el-first   container_wrap fullsize'  ><div  class='avia-slideshow av-jyg5qfmd-8fecb30350ab41f0388364ab9209e296 avia-slideshow-featured av_slideshow_full avia-slide-slider av-slideshow-ui av-control-default av-slideshow-manual av-loop-once av-loop-manual-endless av-default-height-applied   avia-slideshow-1' data-slideshow-options=\"{&quot;animation&quot;:&quot;slide&quot;,&quot;autoplay&quot;:false,&quot;loop_autoplay&quot;:&quot;once&quot;,&quot;interval&quot;:5,&quot;loop_manual&quot;:&quot;manual-endless&quot;,&quot;autoplay_stopper&quot;:false,&quot;noNavigation&quot;:false,&quot;bg_slider&quot;:false,&quot;keep_padding&quot;:false,&quot;hoverpause&quot;:false,&quot;show_slide_delay&quot;:0}\"  itemprop=\"image\" itemscope=\"itemscope\" itemtype=\"https:\/\/schema.org\/ImageObject\" ><ul class='avia-slideshow-inner ' style='padding-bottom: 28.666666666667%;'><li  class='avia-slideshow-slide av-jyg5qfmd-8fecb30350ab41f0388364ab9209e296__0  av-single-slide slide-1 slide-odd'><div data-rel='slideshow-1' class='avia-slide-wrap '   ><img decoding=\"async\" fetchpriority=\"high\" class=\"wp-image-33 avia-img-lazy-loading-not-33\"  src=\"https:\/\/www.martina-fricke.com\/wp-content\/uploads\/2019\/07\/Header_evtl-1500x430.png\" width=\"1500\" height=\"430\" title='Coaching Martina Fricke Deutschland - Header' alt=''  itemprop=\"thumbnailUrl\"   \/><\/div><\/li><\/ul><\/div><\/div>\n\n<style type=\"text\/css\" data-created_by=\"avia_inline_auto\" id=\"style-css-av-jyj11d3h-4c64fcffec4f182d000bda456c6b5601\">\n.avia-section.av-jyj11d3h-4c64fcffec4f182d000bda456c6b5601{\nbackground-repeat:no-repeat;\nbackground-image:url(https:\/\/www.martina-fricke.com\/wp-content\/uploads\/2019\/07\/colour-1885352_1920-1030x728.jpg);\nbackground-position:0% 0%;\nbackground-attachment:fixed;\n}\n.avia-section.av-jyj11d3h-4c64fcffec4f182d000bda456c6b5601 .av-section-color-overlay{\nopacity:0.2;\nbackground-color:#000000;\n}\n<\/style>\n<div id='av_section_1'  class='avia-section av-jyj11d3h-4c64fcffec4f182d000bda456c6b5601 main_color avia-section-small avia-no-border-styling  avia-builder-el-1  el_after_av_slideshow_full  el_before_av_hr  avia-full-stretch avia-bg-style-fixed av-section-color-overlay-active av-minimum-height av-minimum-height-custom av-height-custom  container_wrap fullsize'  data-section-bg-repeat='stretch' data-av_minimum_height_px='5'><div class=\"av-section-color-overlay-wrap\"><div class=\"av-section-color-overlay\"><\/div><div class='container av-section-cont-open' style='height:5px'><div class='template-page content  av-content-full alpha units'><div class='post-entry post-entry-type-page post-entry-14'><div class='entry-content-wrapper clearfix'>\n\n<style type=\"text\/css\" data-created_by=\"avia_inline_auto\" id=\"style-css-av-5yle-82d637fdc76cad00cd85bcc5bdc0d23f\">\n#top .av-special-heading.av-5yle-82d637fdc76cad00cd85bcc5bdc0d23f{\nmargin:0 0 0 0;\npadding-bottom:0;\ncolor:#ffffff;\nfont-size:29px;\n}\nbody .av-special-heading.av-5yle-82d637fdc76cad00cd85bcc5bdc0d23f .av-special-heading-tag .heading-char{\nfont-size:25px;\n}\n#top #wrap_all .av-special-heading.av-5yle-82d637fdc76cad00cd85bcc5bdc0d23f .av-special-heading-tag{\nfont-size:29px;\n}\n.av-special-heading.av-5yle-82d637fdc76cad00cd85bcc5bdc0d23f .special-heading-inner-border{\nborder-color:#ffffff;\n}\n.av-special-heading.av-5yle-82d637fdc76cad00cd85bcc5bdc0d23f .av-subheading{\nfont-size:15px;\n}\n\n@media only screen and (min-width: 480px) and (max-width: 767px){ \n#top #wrap_all .av-special-heading.av-5yle-82d637fdc76cad00cd85bcc5bdc0d23f .av-special-heading-tag{\nfont-size:0.8em;\n}\n}\n\n@media only screen and (max-width: 479px){ \n#top #wrap_all .av-special-heading.av-5yle-82d637fdc76cad00cd85bcc5bdc0d23f .av-special-heading-tag{\nfont-size:0.8em;\n}\n}\n<\/style>\n<div  class='av-special-heading av-5yle-82d637fdc76cad00cd85bcc5bdc0d23f av-special-heading-h3 custom-color-heading blockquote modern-quote modern-centered  avia-builder-el-2  avia-builder-el-no-sibling  av-inherit-size'><h3 class='av-special-heading-tag '  itemprop=\"headline\"  >Die Potentialentdeckerin <span class='special_amp'>&amp;<\/span> Life Coach<\/h3><div class=\"special-heading-border\"><div class=\"special-heading-inner-border\"><\/div><\/div><\/div>\n<\/div><\/div><\/div><!-- close content main div --><\/div><\/div><\/div><div id='after_section_1'  class='main_color av_default_container_wrap container_wrap fullsize'  ><div class='container av-section-cont-open' ><div class='template-page content  av-content-full alpha units'><div class='post-entry post-entry-type-page post-entry-14'><div class='entry-content-wrapper clearfix'>\n<div  class='hr av-12w8q-20d4f9371fc7950aea77ae0fc7887f81 hr-default  avia-builder-el-3  el_after_av_section  el_before_av_heading  avia-builder-el-first '><span class='hr-inner '><span class=\"hr-inner-style\"><\/span><\/span><\/div>\n\n<style type=\"text\/css\" data-created_by=\"avia_inline_auto\" id=\"style-css-av-av_heading-4fe18a1a4eb11168d5a071281c2a28ac\">\n#top .av-special-heading.av-av_heading-4fe18a1a4eb11168d5a071281c2a28ac{\npadding-bottom:10px;\ncolor:#7f030c;\nfont-size:35px;\n}\nbody .av-special-heading.av-av_heading-4fe18a1a4eb11168d5a071281c2a28ac .av-special-heading-tag .heading-char{\nfont-size:25px;\n}\n#top #wrap_all .av-special-heading.av-av_heading-4fe18a1a4eb11168d5a071281c2a28ac .av-special-heading-tag{\nfont-size:35px;\n}\n.av-special-heading.av-av_heading-4fe18a1a4eb11168d5a071281c2a28ac .special-heading-inner-border{\nborder-color:#7f030c;\n}\n.av-special-heading.av-av_heading-4fe18a1a4eb11168d5a071281c2a28ac .av-subheading{\nfont-size:15px;\n}\n\n@media only screen and (min-width: 480px) and (max-width: 767px){ \n#top #wrap_all .av-special-heading.av-av_heading-4fe18a1a4eb11168d5a071281c2a28ac .av-special-heading-tag{\nfont-size:0.8em;\n}\n}\n\n@media only screen and (max-width: 479px){ \n#top #wrap_all .av-special-heading.av-av_heading-4fe18a1a4eb11168d5a071281c2a28ac .av-special-heading-tag{\nfont-size:0.8em;\n}\n}\n<\/style>\n<div  class='av-special-heading av-av_heading-4fe18a1a4eb11168d5a071281c2a28ac av-special-heading-h3 custom-color-heading blockquote modern-quote modern-centered  avia-builder-el-4  el_after_av_hr  el_before_av_hr  av-inherit-size'><h3 class='av-special-heading-tag '  itemprop=\"headline\"  >Impressum<\/h3><div class=\"special-heading-border\"><div class=\"special-heading-inner-border\"><\/div><\/div><\/div>\n<div  class='hr av-jzjsrtpy-c80f87216a59a21e088c35a417b483a0 hr-short  avia-builder-el-5  el_after_av_heading  el_before_av_one_fourth  hr-center'><span class='hr-inner '><span class=\"hr-inner-style\"><\/span><\/span><\/div>\n\n<style type=\"text\/css\" data-created_by=\"avia_inline_auto\" id=\"style-css-av-1z64i-2ffb4d443718466b08c54e09a0b846fc\">\n.flex_column.av-1z64i-2ffb4d443718466b08c54e09a0b846fc{\nborder-radius:0px 0px 0px 0px;\npadding:0px 0px 0px 0px;\n}\n<\/style>\n<div  class='flex_column av-1z64i-2ffb4d443718466b08c54e09a0b846fc av_one_fourth  avia-builder-el-6  el_after_av_hr  el_before_av_one_half  first flex_column_div av-zero-column-padding  '     ><\/div>\n\n<style type=\"text\/css\" data-created_by=\"avia_inline_auto\" id=\"style-css-av-1nj2e-b504e290393dc90e9d0dfe5d991624e3\">\n.flex_column.av-1nj2e-b504e290393dc90e9d0dfe5d991624e3{\nborder-radius:0px 0px 0px 0px;\npadding:0px 0px 0px 0px;\n}\n<\/style>\n<div  class='flex_column av-1nj2e-b504e290393dc90e9d0dfe5d991624e3 av_one_half  avia-builder-el-7  el_after_av_one_fourth  el_before_av_one_fourth  flex_column_div av-zero-column-padding  '     ><style type=\"text\/css\" data-created_by=\"avia_inline_auto\" id=\"style-css-av-jzjsqqxt-9e8cd961d95b792021d2534dab58ffc3\">\n#top .av_textblock_section.av-jzjsqqxt-9e8cd961d95b792021d2534dab58ffc3 .avia_textblock{\nfont-size:20px;\n}\n<\/style>\n<section  class='av_textblock_section av-jzjsqqxt-9e8cd961d95b792021d2534dab58ffc3 '   itemscope=\"itemscope\" itemtype=\"https:\/\/schema.org\/CreativeWork\" ><div class='avia_textblock'  itemprop=\"text\" ><div id=\"cc-matrix-4381806022\"><\/div>\n<div><strong>Angaben gem\u00e4\u00df \u00a7 5 TMG<\/strong><\/div>\n<div id=\"cc-matrix-4381806022\">\n<div id=\"cc-m-14993098322\">Martina Fricke<\/div>\n<div>Burgstra\u00dfe 30<\/div>\n<div>27793 Wildeshausen<\/div>\n<div>\n<hr \/>\n<\/div>\n<\/div>\n<div id=\"cc-matrix-4381806022\">\n<div class=\"j-module n j-text \"><strong>Kontakt<\/strong><\/div>\n<div>Mobil: <a href=\"tel:+49 (0) 151 | 61\u200911\u200978\u200996\">+49 (0) 151 | 61\u200911\u200978\u200996<\/a><\/div>\n<div class=\"j-module n j-text \">Telefon: <a href=\"tel: +49 (0) 4431 | 70 66 61\">+49 (0) 4431 | 70 66 61<\/a><br \/>\nE-Mail: &#105;&#x6e;&#x66;&#111;&#x40;&#x6d;a&#x72;&#x74;i&#110;&#x61;-&#102;&#x72;i&#99;&#x6b;e&#46;&#x63;o&#109;<\/div>\n<div>\n<hr \/>\n<\/div>\n<div class=\"j-module n j-text \"><strong>Die Erstellung dieser Internetseite wurde mit<br \/>\nMitteln des Landkreises Oldenburg<br \/>\ngef\u00f6rdert und von der <span style=\"color: #99cc00;\"><em><a style=\"color: #99cc00;\" href=\"https:\/\/www.wlo.de\/\">WLO<\/a><\/em><\/span> unterst\u00fctzt.<\/strong><\/div>\n<div class=\"j-module n j-text \">\n<p><img loading=\"lazy\" decoding=\"async\" class=\"alignnone size-medium wp-image-818\" src=\"https:\/\/martina-fricke.com\/wp-content\/uploads\/2019\/08\/20_mep_veroeffentlichungshinweisinternet-300x156.png\" alt=\"\" width=\"300\" height=\"156\" srcset=\"https:\/\/www.martina-fricke.com\/wp-content\/uploads\/2019\/08\/20_mep_veroeffentlichungshinweisinternet-300x156.png 300w, https:\/\/www.martina-fricke.com\/wp-content\/uploads\/2019\/08\/20_mep_veroeffentlichungshinweisinternet-768x398.png 768w, https:\/\/www.martina-fricke.com\/wp-content\/uploads\/2019\/08\/20_mep_veroeffentlichungshinweisinternet-1030x534.png 1030w, https:\/\/www.martina-fricke.com\/wp-content\/uploads\/2019\/08\/20_mep_veroeffentlichungshinweisinternet-1500x778.png 1500w, https:\/\/www.martina-fricke.com\/wp-content\/uploads\/2019\/08\/20_mep_veroeffentlichungshinweisinternet-705x366.png 705w, https:\/\/www.martina-fricke.com\/wp-content\/uploads\/2019\/08\/20_mep_veroeffentlichungshinweisinternet-450x233.png 450w\" sizes=\"auto, (max-width: 300px) 100vw, 300px\" \/><\/p>\n<hr \/>\n<p><strong>Angaben zur Betriebshaftpflichtversicherung<\/strong><\/p>\n<p>ERGO Group AG<br \/>\n\u00dcberseering 45<br \/>\n22297 Hamburg<br \/>\nGeltungsraum der Versicherung: Deutschland<\/p>\n<\/div>\n<div class=\"j-module n j-text \">\n<hr \/>\n<\/div>\n<h4 id=\"cc-m-14993097522\" class=\"j-module n j-text \"><strong>Streitschlichtung<\/strong><\/h4>\n<div class=\"j-module n j-text \">Die Europ\u00e4ische Kommission stellt eine Plattform zur Online-Streitbeilegung (OS) bereit: https:\/\/ec.europa.eu\/consumers\/odr.<br \/>\nUnsere E-Mail-Adresse finden Sie oben im Impressum.<\/div>\n<div class=\"j-module n j-text \">Wir sind nicht bereit oder verpflichtet, an Streitbeilegungsverfahren vor einer Verbraucherschlichtungsstelle teilzunehmen.<\/div>\n<div>\n<hr \/>\n<\/div>\n<\/div>\n<h4 id=\"cc-matrix-4381806022\">Haftung f\u00fcr Inhalte<\/h4>\n<div>\n<div><\/div>\n<div class=\"j-module n j-text \">Als Diensteanbieter sind wir gem\u00e4\u00df \u00a7 7 Abs.1 TMG f\u00fcr eigene Inhalte auf diesen Seiten nach den allgemeinen Gesetzen verantwortlich. Nach \u00a7\u00a7 8 bis 10<br \/>\nTMG sind wir als Diensteanbieter jedoch nicht verpflichtet, \u00fcbermittelte oder gespeicherte fremde Informationen zu \u00fcberwachen oder nach Umst\u00e4nden zu forschen, die auf eine rechtswidrige T\u00e4tigkeit hinweisen.<br \/>\nVerpflichtungen zur Entfernung oder Sperrung der Nutzung von Informationen nach den allgemeinen Gesetzen bleiben hiervon unber\u00fchrt. Eine diesbez\u00fcgliche Haftung ist jedoch erst ab dem Zeitpunkt der Kenntnis einer konkreten Rechtsverletzung m\u00f6glich. Bei Bekanntwerden von entsprechenden Rechtsverletzungen werden wir diese Inhalte umgehend entfernen.<\/div>\n<div>\n<hr \/>\n<\/div>\n<h4 class=\"j-module n j-text \">Haftung f\u00fcr Links<\/h4>\n<div class=\"j-module n j-text \">Unser Angebot enth\u00e4lt Links zu externen Websites Dritter, auf deren Inhalte wir keinen Einfluss haben. Deshalb k\u00f6nnen wir f\u00fcr diese fremden Inhalte auch keine Gew\u00e4hr \u00fcbernehmen. F\u00fcr die Inhalte der verlinkten Seiten ist stets der jeweilige Anbieter oder Betreiber der Seiten verantwortlich. Die verlinkten Seiten wurden zum Zeitpunkt der Verlinkung auf m\u00f6gliche Rechtsverst\u00f6\u00dfe \u00fcberpr\u00fcft. Rechtswidrige Inhalte waren zum Zeitpunkt der Verlinkung nicht erkennbar.<br \/>\nEine permanente inhaltliche Kontrolle der verlinkten Seiten ist jedoch ohne konkrete Anhaltspunkte einer Rechtsverletzung nicht zumutbar. Bei Bekanntwerden von Rechtsverletzungen werden wir derartige Links umgehend entfernen.<\/div>\n<div>\n<hr \/>\n<\/div>\n<h4 class=\"j-module n j-text \">Urheberrecht<\/h4>\n<div class=\"j-module n j-text \">Die durch die Seitenbetreiber erstellten Inhalte und Werke auf diesen Seiten unterliegen dem deutschen Urheberrecht. Die Vervielf\u00e4ltigung, Bearbeitung, Verbreitung und jede Art der Verwertung au\u00dferhalb der Grenzen des Urheberrechtes bed\u00fcrfen der schriftlichen Zustimmung des jeweiligen Autors bzw. Erstellers. Downloads und Kopien dieser Seite sind nur f\u00fcr den privaten, nicht kommerziellen Gebrauch gestattet.<br \/>\nSoweit die Inhalte auf dieser Seite nicht vom Betreiber erstellt wurden, werden die Urheberrechte Dritter beachtet. Insbesondere werden Inhalte Dritter als solche gekennzeichnet. Sollten Sie trotzdem auf eine Urheberrechtsverletzung aufmerksam werden, bitten wir um einen entsprechenden Hinweis. Bei Bekanntwerden von Rechtsverletzungen werden wir derartige Inhalte umgehend entfernen.<\/div>\n<\/div>\n<\/div><\/section><\/div>\n<style type=\"text\/css\" data-created_by=\"avia_inline_auto\" id=\"style-css-av-u0sq-657cb1bd55bac499baee1de050e13904\">\n.flex_column.av-u0sq-657cb1bd55bac499baee1de050e13904{\nborder-radius:0px 0px 0px 0px;\npadding:0px 0px 0px 0px;\n}\n<\/style>\n<div  class='flex_column av-u0sq-657cb1bd55bac499baee1de050e13904 av_one_fourth  avia-builder-el-9  el_after_av_one_half  el_before_av_section  avia-builder-el-last  flex_column_div av-zero-column-padding  '     ><\/div><\/p>\n<\/div><\/div><\/div><!-- close content main div --><\/div><\/div>\n<style type=\"text\/css\" data-created_by=\"avia_inline_auto\" id=\"style-css-av-jyj11d3h-4c64fcffec4f182d000bda456c6b5601\">\n.avia-section.av-jyj11d3h-4c64fcffec4f182d000bda456c6b5601{\nbackground-repeat:no-repeat;\nbackground-image:url(https:\/\/www.martina-fricke.com\/wp-content\/uploads\/2019\/07\/colour-1885352_1920-1030x728.jpg);\nbackground-position:0% 0%;\nbackground-attachment:fixed;\n}\n.avia-section.av-jyj11d3h-4c64fcffec4f182d000bda456c6b5601 .av-section-color-overlay{\nopacity:0.2;\nbackground-color:#000000;\n}\n<\/style>\n<div id='av_section_2'  class='avia-section av-jyj11d3h-4c64fcffec4f182d000bda456c6b5601 main_color avia-section-small avia-no-border-styling  avia-builder-el-10  el_after_av_one_fourth  avia-builder-el-last  avia-full-stretch avia-bg-style-fixed av-section-color-overlay-active av-minimum-height av-minimum-height-custom av-height-custom  container_wrap fullsize'  data-section-bg-repeat='stretch' data-av_minimum_height_px='5'><div class=\"av-section-color-overlay-wrap\"><div class=\"av-section-color-overlay\"><\/div><div class='container av-section-cont-open' style='height:5px'><div class='template-page content  av-content-full alpha units'><div class='post-entry post-entry-type-page post-entry-14'><div class='entry-content-wrapper clearfix'>\n","protected":false},"excerpt":{"rendered":"","protected":false},"author":3,"featured_media":0,"parent":0,"menu_order":0,"comment_status":"closed","ping_status":"closed","template":"","meta":{"_seopress_robots_primary_cat":"","_seopress_titles_title":"","_seopress_titles_desc":"","_seopress_robots_index":"","footnotes":""},"class_list":["post-14","page","type-page","status-publish","hentry"],"_links":{"self":[{"href":"https:\/\/www.martina-fricke.com\/index.php\/wp-json\/wp\/v2\/pages\/14","targetHints":{"allow":["GET"]}}],"collection":[{"href":"https:\/\/www.martina-fricke.com\/index.php\/wp-json\/wp\/v2\/pages"}],"about":[{"href":"https:\/\/www.martina-fricke.com\/index.php\/wp-json\/wp\/v2\/types\/page"}],"author":[{"embeddable":true,"href":"https:\/\/www.martina-fricke.com\/index.php\/wp-json\/wp\/v2\/users\/3"}],"replies":[{"embeddable":true,"href":"https:\/\/www.martina-fricke.com\/index.php\/wp-json\/wp\/v2\/comments?post=14"}],"version-history":[{"count":29,"href":"https:\/\/www.martina-fricke.com\/index.php\/wp-json\/wp\/v2\/pages\/14\/revisions"}],"predecessor-version":[{"id":1106,"href":"https:\/\/www.martina-fricke.com\/index.php\/wp-json\/wp\/v2\/pages\/14\/revisions\/1106"}],"wp:attachment":[{"href":"https:\/\/www.martina-fricke.com\/index.php\/wp-json\/wp\/v2\/media?parent=14"}],"curies":[{"name":"wp","href":"https:\/\/api.w.org\/{rel}","templated":true}]}}