{"id":18,"date":"2019-07-21T18:18:22","date_gmt":"2019-07-21T18:18:22","guid":{"rendered":"https:\/\/martina-fricke.com\/wordpress\/?page_id=18"},"modified":"2019-08-26T15:30:57","modified_gmt":"2019-08-26T15:30:57","slug":"coaching","status":"publish","type":"page","link":"https:\/\/www.martina-fricke.com\/index.php\/coaching\/","title":{"rendered":"Coaching"},"content":{"rendered":"<div id='full_slider_1'  class='avia-fullwidth-slider main_color avia-shadow   avia-builder-el-0  el_before_av_section  avia-builder-el-first   container_wrap fullsize'  ><div  class='avia-slideshow av-jyg5qfmd-8fecb30350ab41f0388364ab9209e296 avia-slideshow-featured av_slideshow_full avia-slide-slider av-slideshow-ui av-control-default av-slideshow-manual av-loop-once av-loop-manual-endless av-default-height-applied   avia-slideshow-1' data-slideshow-options=\"{&quot;animation&quot;:&quot;slide&quot;,&quot;autoplay&quot;:false,&quot;loop_autoplay&quot;:&quot;once&quot;,&quot;interval&quot;:5,&quot;loop_manual&quot;:&quot;manual-endless&quot;,&quot;autoplay_stopper&quot;:false,&quot;noNavigation&quot;:false,&quot;bg_slider&quot;:false,&quot;keep_padding&quot;:false,&quot;hoverpause&quot;:false,&quot;show_slide_delay&quot;:0}\"  itemprop=\"image\" itemscope=\"itemscope\" itemtype=\"https:\/\/schema.org\/ImageObject\" ><ul class='avia-slideshow-inner ' style='padding-bottom: 28.666666666667%;'><li  class='avia-slideshow-slide av-jyg5qfmd-8fecb30350ab41f0388364ab9209e296__0  av-single-slide slide-1 slide-odd'><div data-rel='slideshow-1' class='avia-slide-wrap '   ><img decoding=\"async\" fetchpriority=\"high\" class=\"wp-image-33 avia-img-lazy-loading-not-33\"  src=\"https:\/\/www.martina-fricke.com\/wp-content\/uploads\/2019\/07\/Header_evtl-1500x430.png\" width=\"1500\" height=\"430\" title='Coaching Martina Fricke Deutschland - Header' alt=''  itemprop=\"thumbnailUrl\"   \/><\/div><\/li><\/ul><\/div><\/div>\n\n<style type=\"text\/css\" data-created_by=\"avia_inline_auto\" id=\"style-css-av-jyj11d3h-4c64fcffec4f182d000bda456c6b5601\">\n.avia-section.av-jyj11d3h-4c64fcffec4f182d000bda456c6b5601{\nbackground-repeat:no-repeat;\nbackground-image:url(https:\/\/www.martina-fricke.com\/wp-content\/uploads\/2019\/07\/colour-1885352_1920-1030x728.jpg);\nbackground-position:0% 0%;\nbackground-attachment:fixed;\n}\n.avia-section.av-jyj11d3h-4c64fcffec4f182d000bda456c6b5601 .av-section-color-overlay{\nopacity:0.2;\nbackground-color:#000000;\n}\n<\/style>\n<div id='av_section_1'  class='avia-section av-jyj11d3h-4c64fcffec4f182d000bda456c6b5601 main_color avia-section-small avia-no-border-styling  avia-builder-el-1  el_after_av_slideshow_full  el_before_av_hr  avia-full-stretch avia-bg-style-fixed av-section-color-overlay-active av-minimum-height av-minimum-height-custom av-height-custom  container_wrap fullsize'  data-section-bg-repeat='stretch' data-av_minimum_height_px='5'><div class=\"av-section-color-overlay-wrap\"><div class=\"av-section-color-overlay\"><\/div><div class='container av-section-cont-open' style='height:5px'><div class='template-page content  av-content-full alpha units'><div class='post-entry post-entry-type-page post-entry-18'><div class='entry-content-wrapper clearfix'>\n\n<style type=\"text\/css\" data-created_by=\"avia_inline_auto\" id=\"style-css-av-jzijhs9z-ddc99ef7e6588e107649ce7d480df040\">\n#top .av-special-heading.av-jzijhs9z-ddc99ef7e6588e107649ce7d480df040{\nmargin:0 0 0 0;\npadding-bottom:0;\ncolor:#ffffff;\nfont-size:29px;\n}\nbody .av-special-heading.av-jzijhs9z-ddc99ef7e6588e107649ce7d480df040 .av-special-heading-tag .heading-char{\nfont-size:25px;\n}\n#top #wrap_all .av-special-heading.av-jzijhs9z-ddc99ef7e6588e107649ce7d480df040 .av-special-heading-tag{\nfont-size:29px;\n}\n.av-special-heading.av-jzijhs9z-ddc99ef7e6588e107649ce7d480df040 .special-heading-inner-border{\nborder-color:#ffffff;\n}\n.av-special-heading.av-jzijhs9z-ddc99ef7e6588e107649ce7d480df040 .av-subheading{\nfont-size:15px;\n}\n\n@media only screen and (min-width: 480px) and (max-width: 767px){ \n#top #wrap_all .av-special-heading.av-jzijhs9z-ddc99ef7e6588e107649ce7d480df040 .av-special-heading-tag{\nfont-size:0.8em;\n}\n}\n\n@media only screen and (max-width: 479px){ \n#top #wrap_all .av-special-heading.av-jzijhs9z-ddc99ef7e6588e107649ce7d480df040 .av-special-heading-tag{\nfont-size:0.8em;\n}\n}\n<\/style>\n<div  class='av-special-heading av-jzijhs9z-ddc99ef7e6588e107649ce7d480df040 av-special-heading-h3 custom-color-heading blockquote modern-quote modern-centered  avia-builder-el-2  avia-builder-el-no-sibling  av-inherit-size'><h3 class='av-special-heading-tag '  itemprop=\"headline\"  >Die Potentialentdeckerin <span class='special_amp'>&amp;<\/span> Life Coach<\/h3><div class=\"special-heading-border\"><div class=\"special-heading-inner-border\"><\/div><\/div><\/div>\n<\/div><\/div><\/div><!-- close content main div --><\/div><\/div><\/div><div id='after_section_1'  class='main_color av_default_container_wrap container_wrap fullsize'  ><div class='container av-section-cont-open' ><div class='template-page content  av-content-full alpha units'><div class='post-entry post-entry-type-page post-entry-18'><div class='entry-content-wrapper clearfix'>\n<div  class='hr av-1bb6e-d23c6578c3b2bcaf3e72a6442d383801 hr-default  avia-builder-el-3  el_after_av_section  el_before_av_one_fourth  avia-builder-el-first '><span class='hr-inner '><span class=\"hr-inner-style\"><\/span><\/span><\/div>\n\n<style type=\"text\/css\" data-created_by=\"avia_inline_auto\" id=\"style-css-av-43s5i-ec5dab74ba978649ee00ea57baf61ff0\">\n.flex_column.av-43s5i-ec5dab74ba978649ee00ea57baf61ff0{\nborder-radius:0px 0px 0px 0px;\npadding:0px 0px 0px 0px;\n}\n<\/style>\n<div  class='flex_column av-43s5i-ec5dab74ba978649ee00ea57baf61ff0 av_one_fourth  avia-builder-el-4  el_after_av_hr  el_before_av_one_fourth  first flex_column_div av-zero-column-padding  '     ><\/div>\n\n<style type=\"text\/css\" data-created_by=\"avia_inline_auto\" id=\"style-css-av-3azqe-ad94b2e1ff9b99ee4ab0bc07d252fa98\">\n.flex_column.av-3azqe-ad94b2e1ff9b99ee4ab0bc07d252fa98{\nborder-radius:0px 0px 0px 0px;\npadding:0px 0px 0px 0px;\n}\n<\/style>\n<div  class='flex_column av-3azqe-ad94b2e1ff9b99ee4ab0bc07d252fa98 av_one_fourth  avia-builder-el-5  el_after_av_one_fourth  el_before_av_one_fourth  flex_column_div av-zero-column-padding  '     ><\/div>\n\n<style type=\"text\/css\" data-created_by=\"avia_inline_auto\" id=\"style-css-av-23er2-0ad95884e0bfdd68eef7250553862a6c\">\n.flex_column.av-23er2-0ad95884e0bfdd68eef7250553862a6c{\nborder-radius:0px 0px 0px 0px;\npadding:0px 0px 0px 0px;\n}\n<\/style>\n<div  class='flex_column av-23er2-0ad95884e0bfdd68eef7250553862a6c av_one_fourth  avia-builder-el-6  el_after_av_one_fourth  el_before_av_one_fourth  flex_column_div av-zero-column-padding  '     ><\/div>\n\n<style type=\"text\/css\" data-created_by=\"avia_inline_auto\" id=\"style-css-av-usqe-82c9f12eab9ff1e06d7d0c7b491d7814\">\n.flex_column.av-usqe-82c9f12eab9ff1e06d7d0c7b491d7814{\nborder-radius:0px 0px 0px 0px;\npadding:0px 0px 0px 0px;\n}\n<\/style>\n<div  class='flex_column av-usqe-82c9f12eab9ff1e06d7d0c7b491d7814 av_one_fourth  avia-builder-el-7  el_after_av_one_fourth  el_before_av_one_half  flex_column_div av-zero-column-padding  '     ><\/div>\n\n<style type=\"text\/css\" data-created_by=\"avia_inline_auto\" id=\"style-css-av-1ukxe-41bf9d9ed28804acd2ef58508b024c17\">\n.flex_column.av-1ukxe-41bf9d9ed28804acd2ef58508b024c17{\nborder-radius:0px 0px 0px 0px;\npadding:0px 0px 0px 0px;\n}\n<\/style>\n<div  class='flex_column av-1ukxe-41bf9d9ed28804acd2ef58508b024c17 av_one_half  avia-builder-el-8  el_after_av_one_fourth  el_before_av_one_half  first flex_column_div av-zero-column-padding  column-top-margin'     ><p>\n<style type=\"text\/css\" data-created_by=\"avia_inline_auto\" id=\"style-css-av-1cjry-e80dc2fd3bbb9845941800e49c037cff\">\n#top .av-special-heading.av-1cjry-e80dc2fd3bbb9845941800e49c037cff{\nmargin:0 0 5px 0;\npadding-bottom:10px;\ncolor:#7f030c;\nfont-size:35px;\n}\nbody .av-special-heading.av-1cjry-e80dc2fd3bbb9845941800e49c037cff .av-special-heading-tag .heading-char{\nfont-size:25px;\n}\n#top #wrap_all .av-special-heading.av-1cjry-e80dc2fd3bbb9845941800e49c037cff .av-special-heading-tag{\nfont-size:35px;\n}\n.av-special-heading.av-1cjry-e80dc2fd3bbb9845941800e49c037cff .special-heading-inner-border{\nborder-color:#7f030c;\n}\n.av-special-heading.av-1cjry-e80dc2fd3bbb9845941800e49c037cff .av-subheading{\nfont-size:15px;\n}\n\n@media only screen and (min-width: 480px) and (max-width: 767px){ \n#top #wrap_all .av-special-heading.av-1cjry-e80dc2fd3bbb9845941800e49c037cff .av-special-heading-tag{\nfont-size:0.8em;\n}\n}\n\n@media only screen and (max-width: 479px){ \n#top #wrap_all .av-special-heading.av-1cjry-e80dc2fd3bbb9845941800e49c037cff .av-special-heading-tag{\nfont-size:0.8em;\n}\n}\n<\/style>\n<div  class='av-special-heading av-1cjry-e80dc2fd3bbb9845941800e49c037cff av-special-heading-h6 custom-color-heading blockquote modern-quote modern-centered  avia-builder-el-9  el_before_av_hr  avia-builder-el-first  av-inherit-size'><h6 class='av-special-heading-tag '  itemprop=\"headline\"  >Mein Coaching<\/h6><div class=\"special-heading-border\"><div class=\"special-heading-inner-border\"><\/div><\/div><\/div><br \/>\n<div  class='hr av-jykdici7-157b049547d60790f8274f2bb81a1f94 hr-short  avia-builder-el-10  el_after_av_heading  el_before_av_image  hr-center'><span class='hr-inner '><span class=\"hr-inner-style\"><\/span><\/span><\/div><br \/>\n\n<style type=\"text\/css\" data-created_by=\"avia_inline_auto\" id=\"style-css-av-2km1i-2261fffe11ce1699383721cbc5d6650c\">\n.avia-image-container.av-2km1i-2261fffe11ce1699383721cbc5d6650c img.avia_image{\nbox-shadow:none;\n}\n.avia-image-container.av-2km1i-2261fffe11ce1699383721cbc5d6650c .av-image-caption-overlay-center{\ncolor:#ffffff;\n}\n<\/style>\n<div  class='avia-image-container av-2km1i-2261fffe11ce1699383721cbc5d6650c av-styling- avia-align-center  avia-builder-el-11  el_after_av_hr  el_before_av_textblock '   itemprop=\"image\" itemscope=\"itemscope\" itemtype=\"https:\/\/schema.org\/ImageObject\" ><div class=\"avia-image-container-inner\"><div class=\"avia-image-overlay-wrap\"><img decoding=\"async\" fetchpriority=\"high\" class='wp-image-834 avia-img-lazy-loading-not-834 avia_image ' src=\"https:\/\/www.martina-fricke.com\/wp-content\/uploads\/2019\/08\/Mein_Coaching-1030x255.png\" alt='' title='Martina Fricke - Mein Coaching Deutschland'  height=\"255\" width=\"1030\"  itemprop=\"thumbnailUrl\" srcset=\"https:\/\/www.martina-fricke.com\/wp-content\/uploads\/2019\/08\/Mein_Coaching-1030x255.png 1030w, https:\/\/www.martina-fricke.com\/wp-content\/uploads\/2019\/08\/Mein_Coaching-300x74.png 300w, https:\/\/www.martina-fricke.com\/wp-content\/uploads\/2019\/08\/Mein_Coaching-768x190.png 768w, https:\/\/www.martina-fricke.com\/wp-content\/uploads\/2019\/08\/Mein_Coaching-1500x371.png 1500w, https:\/\/www.martina-fricke.com\/wp-content\/uploads\/2019\/08\/Mein_Coaching-705x174.png 705w, https:\/\/www.martina-fricke.com\/wp-content\/uploads\/2019\/08\/Mein_Coaching-450x111.png 450w, https:\/\/www.martina-fricke.com\/wp-content\/uploads\/2019\/08\/Mein_Coaching.png 1920w\" sizes=\"(max-width: 1030px) 100vw, 1030px\" \/><\/div><\/div><\/div><br \/>\n\n<style type=\"text\/css\" data-created_by=\"avia_inline_auto\" id=\"style-css-av-jyk03pxf-48dd4c6ead34d630213680c2d727aadc\">\n#top .av_textblock_section.av-jyk03pxf-48dd4c6ead34d630213680c2d727aadc .avia_textblock{\nfont-size:19px;\n}\n<\/style>\n<section  class='av_textblock_section av-jyk03pxf-48dd4c6ead34d630213680c2d727aadc '   itemscope=\"itemscope\" itemtype=\"https:\/\/schema.org\/CreativeWork\" ><div class='avia_textblock'  itemprop=\"text\" ><div class=\"av-special-heading av-special-heading-h3 custom-color-heading blockquote modern-quote modern-centered avia-builder-el-3 el_after_av_hr el_before_av_one_fourth av-inherit-size \">\n<p class=\"av-special-heading-tag \">Als professioneller und erfahrener Coach biete ich Dir ein individuelles, ma\u00dfgeschneidertes Coaching auf Augenh\u00f6he an, kombiniert mit einer geh\u00f6rigen Portion Lebens- und Berufserfahrung<\/p>\n<\/div>\n<\/div><\/section><br \/>\n<div  class='hr av-jykdici7-157b049547d60790f8274f2bb81a1f94 hr-short  avia-builder-el-13  el_after_av_textblock  el_before_av_button  hr-center'><span class='hr-inner '><span class=\"hr-inner-style\"><\/span><\/span><\/div><br \/>\n<div  class='avia-button-wrap av-jykdv8pu-762a8592eb52d71358fab4224138bf28-wrap avia-button-center  avia-builder-el-14  el_after_av_hr  avia-builder-el-last '>\n<style type=\"text\/css\" data-created_by=\"avia_inline_auto\" id=\"style-css-av-jykdv8pu-762a8592eb52d71358fab4224138bf28\">\n#top #wrap_all .avia-button.av-jykdv8pu-762a8592eb52d71358fab4224138bf28{\nbackground-color:#83a846;\nborder-color:#83a846;\ncolor:#ffffff;\ntransition:all 0.4s ease-in-out;\n}\n#top #wrap_all .avia-button.av-jykdv8pu-762a8592eb52d71358fab4224138bf28 .avia-svg-icon svg:first-child{\nfill:#ffffff;\nstroke:#ffffff;\n}\n<\/style>\n<a href='https:\/\/www.martina-fricke.com\/index.php\/mein-coaching\/'  class='avia-button av-jykdv8pu-762a8592eb52d71358fab4224138bf28 av-link-btn avia-icon_select-no avia-size-x-large avia-position-center'   aria-label=\"Mehr dazu hier...\"><span class='avia_iconbox_title' >Mehr dazu hier...<\/span><\/a><\/div><\/p><\/div>\n\n<style type=\"text\/css\" data-created_by=\"avia_inline_auto\" id=\"style-css-av-u576-8b2004e8b122f87141ecf36a4ad7e431\">\n.flex_column.av-u576-8b2004e8b122f87141ecf36a4ad7e431{\nborder-radius:0px 0px 0px 0px;\npadding:0px 0px 0px 0px;\n}\n<\/style>\n<div  class='flex_column av-u576-8b2004e8b122f87141ecf36a4ad7e431 av_one_half  avia-builder-el-15  el_after_av_one_half  el_before_av_hr  flex_column_div av-zero-column-padding  column-top-margin'     ><p>\n<style type=\"text\/css\" data-created_by=\"avia_inline_auto\" id=\"style-css-av-av_heading-e11cdb61ee86124c5f6b80dc8e6d2402\">\n#top .av-special-heading.av-av_heading-e11cdb61ee86124c5f6b80dc8e6d2402{\npadding-bottom:10px;\ncolor:#7f030c;\nfont-size:35px;\n}\nbody .av-special-heading.av-av_heading-e11cdb61ee86124c5f6b80dc8e6d2402 .av-special-heading-tag .heading-char{\nfont-size:25px;\n}\n#top #wrap_all .av-special-heading.av-av_heading-e11cdb61ee86124c5f6b80dc8e6d2402 .av-special-heading-tag{\nfont-size:35px;\n}\n.av-special-heading.av-av_heading-e11cdb61ee86124c5f6b80dc8e6d2402 .special-heading-inner-border{\nborder-color:#7f030c;\n}\n.av-special-heading.av-av_heading-e11cdb61ee86124c5f6b80dc8e6d2402 .av-subheading{\nfont-size:15px;\n}\n\n@media only screen and (min-width: 480px) and (max-width: 767px){ \n#top #wrap_all .av-special-heading.av-av_heading-e11cdb61ee86124c5f6b80dc8e6d2402 .av-special-heading-tag{\nfont-size:0.8em;\n}\n}\n\n@media only screen and (max-width: 479px){ \n#top #wrap_all .av-special-heading.av-av_heading-e11cdb61ee86124c5f6b80dc8e6d2402 .av-special-heading-tag{\nfont-size:0.8em;\n}\n}\n<\/style>\n<div  class='av-special-heading av-av_heading-e11cdb61ee86124c5f6b80dc8e6d2402 av-special-heading-h6 custom-color-heading blockquote modern-quote modern-centered  avia-builder-el-16  el_before_av_hr  avia-builder-el-first  av-inherit-size'><h6 class='av-special-heading-tag '  itemprop=\"headline\"  >Meine Coaching Angebote<\/h6><div class=\"special-heading-border\"><div class=\"special-heading-inner-border\"><\/div><\/div><\/div><br \/>\n<div  class='hr av-jykdici7-157b049547d60790f8274f2bb81a1f94 hr-short  avia-builder-el-17  el_after_av_heading  el_before_av_image  hr-center'><span class='hr-inner '><span class=\"hr-inner-style\"><\/span><\/span><\/div><br \/>\n\n<style type=\"text\/css\" data-created_by=\"avia_inline_auto\" id=\"style-css-av-1droi-17ab2bca0f472edd815408c6807bda37\">\n.avia-image-container.av-1droi-17ab2bca0f472edd815408c6807bda37 img.avia_image{\nbox-shadow:none;\n}\n.avia-image-container.av-1droi-17ab2bca0f472edd815408c6807bda37 .av-image-caption-overlay-center{\ncolor:#ffffff;\n}\n<\/style>\n<div  class='avia-image-container av-1droi-17ab2bca0f472edd815408c6807bda37 av-styling- avia-align-center  avia-builder-el-18  el_after_av_hr  el_before_av_textblock '   itemprop=\"image\" itemscope=\"itemscope\" itemtype=\"https:\/\/schema.org\/ImageObject\" ><div class=\"avia-image-container-inner\"><div class=\"avia-image-overlay-wrap\"><img decoding=\"async\" fetchpriority=\"high\" class='wp-image-833 avia-img-lazy-loading-not-833 avia_image ' src=\"https:\/\/www.martina-fricke.com\/wp-content\/uploads\/2019\/08\/Coaching_Angebot-1030x255.png\" alt='' title='Coaching Angebot Martina Fricke Deutschland - Themenfoto Schmetterlinge'  height=\"255\" width=\"1030\"  itemprop=\"thumbnailUrl\" srcset=\"https:\/\/www.martina-fricke.com\/wp-content\/uploads\/2019\/08\/Coaching_Angebot-1030x255.png 1030w, https:\/\/www.martina-fricke.com\/wp-content\/uploads\/2019\/08\/Coaching_Angebot-300x74.png 300w, https:\/\/www.martina-fricke.com\/wp-content\/uploads\/2019\/08\/Coaching_Angebot-768x190.png 768w, https:\/\/www.martina-fricke.com\/wp-content\/uploads\/2019\/08\/Coaching_Angebot-1500x371.png 1500w, https:\/\/www.martina-fricke.com\/wp-content\/uploads\/2019\/08\/Coaching_Angebot-705x174.png 705w, https:\/\/www.martina-fricke.com\/wp-content\/uploads\/2019\/08\/Coaching_Angebot-450x111.png 450w, https:\/\/www.martina-fricke.com\/wp-content\/uploads\/2019\/08\/Coaching_Angebot.png 1920w\" sizes=\"(max-width: 1030px) 100vw, 1030px\" \/><\/div><\/div><\/div><br \/>\n\n<style type=\"text\/css\" data-created_by=\"avia_inline_auto\" id=\"style-css-av-jyk03pxf-48dd4c6ead34d630213680c2d727aadc\">\n#top .av_textblock_section.av-jyk03pxf-48dd4c6ead34d630213680c2d727aadc .avia_textblock{\nfont-size:19px;\n}\n<\/style>\n<section  class='av_textblock_section av-jyk03pxf-48dd4c6ead34d630213680c2d727aadc '   itemscope=\"itemscope\" itemtype=\"https:\/\/schema.org\/CreativeWork\" ><div class='avia_textblock'  itemprop=\"text\" ><div class=\"av-special-heading av-special-heading-h3 custom-color-heading blockquote modern-quote modern-centered avia-builder-el-3 el_after_av_hr el_before_av_one_fourth av-inherit-size \">\n<p class=\"av-special-heading-tag \">Willst du das Beste aus Dir und Deinem Leben machen?<br \/>\nDu verdienst das Allerbeste! Hier geht es um DICH!<br \/>\nGeh` Deinen eigenen Weg \u2013 es gibt keinen besseren!<\/p>\n<\/div>\n<\/div><\/section><br \/>\n<div  class='hr av-jykdici7-157b049547d60790f8274f2bb81a1f94 hr-short  avia-builder-el-20  el_after_av_textblock  el_before_av_button  hr-center'><span class='hr-inner '><span class=\"hr-inner-style\"><\/span><\/span><\/div><br \/>\n<div  class='avia-button-wrap av-jykdv8pu-67259a9300fd18d092b8fad855d04ece-wrap avia-button-center  avia-builder-el-21  el_after_av_hr  avia-builder-el-last '>\n<style type=\"text\/css\" data-created_by=\"avia_inline_auto\" id=\"style-css-av-jykdv8pu-67259a9300fd18d092b8fad855d04ece\">\n#top #wrap_all .avia-button.av-jykdv8pu-67259a9300fd18d092b8fad855d04ece{\nbackground-color:#0b8c38;\nborder-color:#0b8c38;\ncolor:#ffffff;\ntransition:all 0.4s ease-in-out;\n}\n#top #wrap_all .avia-button.av-jykdv8pu-67259a9300fd18d092b8fad855d04ece .avia-svg-icon svg:first-child{\nfill:#ffffff;\nstroke:#ffffff;\n}\n<\/style>\n<a href='https:\/\/www.martina-fricke.com\/index.php\/coaching-angebote\/'  class='avia-button av-jykdv8pu-67259a9300fd18d092b8fad855d04ece av-link-btn avia-icon_select-no avia-size-x-large avia-position-center'   aria-label=\"Mehr dazu hier...\"><span class='avia_iconbox_title' >Mehr dazu hier...<\/span><\/a><\/div><\/p><\/div><div  class='hr av-12vxq-9d794f4308774f430190a2f704f1e48d hr-default  avia-builder-el-22  el_after_av_one_half  el_before_av_section  avia-builder-el-last '><span class='hr-inner '><span class=\"hr-inner-style\"><\/span><\/span><\/div><\/p>\n<\/div><\/div><\/div><!-- close content main div --><\/div><\/div>\n<style type=\"text\/css\" data-created_by=\"avia_inline_auto\" id=\"style-css-av-jyj11d3h-b46b366131d4a66253298cf3959f3dd8\">\n.avia-section.av-jyj11d3h-b46b366131d4a66253298cf3959f3dd8{\nbackground-repeat:no-repeat;\nbackground-image:url(https:\/\/www.martina-fricke.com\/wp-content\/uploads\/2019\/07\/colour-1885352_1920-1030x728.jpg);\nbackground-position:0% 0%;\nbackground-attachment:fixed;\n}\n.avia-section.av-jyj11d3h-b46b366131d4a66253298cf3959f3dd8 .av-section-color-overlay{\nopacity:0.2;\nbackground-color:#000000;\n}\n<\/style>\n<div id='av_section_2'  class='avia-section av-jyj11d3h-b46b366131d4a66253298cf3959f3dd8 main_color avia-section-large avia-no-border-styling  avia-builder-el-23  el_after_av_hr  avia-builder-el-last  avia-full-stretch avia-bg-style-fixed av-section-color-overlay-active av-minimum-height av-minimum-height-custom av-height-custom  container_wrap fullsize'  data-section-bg-repeat='stretch' data-av_minimum_height_px='50'><div class=\"av-section-color-overlay-wrap\"><div class=\"av-section-color-overlay\"><\/div><div class='container av-section-cont-open' style='height:50px'><div class='template-page content  av-content-full alpha units'><div class='post-entry post-entry-type-page post-entry-18'><div class='entry-content-wrapper clearfix'>\n","protected":false},"excerpt":{"rendered":"","protected":false},"author":3,"featured_media":0,"parent":0,"menu_order":0,"comment_status":"closed","ping_status":"closed","template":"","meta":{"_seopress_robots_primary_cat":"","_seopress_titles_title":"","_seopress_titles_desc":"","_seopress_robots_index":"","footnotes":""},"class_list":["post-18","page","type-page","status-publish","hentry"],"_links":{"self":[{"href":"https:\/\/www.martina-fricke.com\/index.php\/wp-json\/wp\/v2\/pages\/18","targetHints":{"allow":["GET"]}}],"collection":[{"href":"https:\/\/www.martina-fricke.com\/index.php\/wp-json\/wp\/v2\/pages"}],"about":[{"href":"https:\/\/www.martina-fricke.com\/index.php\/wp-json\/wp\/v2\/types\/page"}],"author":[{"embeddable":true,"href":"https:\/\/www.martina-fricke.com\/index.php\/wp-json\/wp\/v2\/users\/3"}],"replies":[{"embeddable":true,"href":"https:\/\/www.martina-fricke.com\/index.php\/wp-json\/wp\/v2\/comments?post=18"}],"version-history":[{"count":58,"href":"https:\/\/www.martina-fricke.com\/index.php\/wp-json\/wp\/v2\/pages\/18\/revisions"}],"predecessor-version":[{"id":864,"href":"https:\/\/www.martina-fricke.com\/index.php\/wp-json\/wp\/v2\/pages\/18\/revisions\/864"}],"wp:attachment":[{"href":"https:\/\/www.martina-fricke.com\/index.php\/wp-json\/wp\/v2\/media?parent=18"}],"curies":[{"name":"wp","href":"https:\/\/api.w.org\/{rel}","templated":true}]}}