{"id":434,"date":"2019-08-18T09:53:15","date_gmt":"2019-08-18T09:53:15","guid":{"rendered":"https:\/\/martina-fricke.com\/wordpress\/?page_id=434"},"modified":"2019-11-19T12:37:45","modified_gmt":"2019-11-19T12:37:45","slug":"gratis-coaching","status":"publish","type":"page","link":"https:\/\/www.martina-fricke.com\/index.php\/gratis-coaching\/","title":{"rendered":"GRATIS COACHING"},"content":{"rendered":"<div id='full_slider_1'  class='avia-fullwidth-slider main_color avia-shadow   avia-builder-el-0  el_before_av_section  avia-builder-el-first   container_wrap fullsize'  ><div  class='avia-slideshow av-jyg5qfmd-8fecb30350ab41f0388364ab9209e296 avia-slideshow-featured av_slideshow_full avia-slide-slider av-slideshow-ui av-control-default av-slideshow-manual av-loop-once av-loop-manual-endless av-default-height-applied   avia-slideshow-1' data-slideshow-options=\"{&quot;animation&quot;:&quot;slide&quot;,&quot;autoplay&quot;:false,&quot;loop_autoplay&quot;:&quot;once&quot;,&quot;interval&quot;:5,&quot;loop_manual&quot;:&quot;manual-endless&quot;,&quot;autoplay_stopper&quot;:false,&quot;noNavigation&quot;:false,&quot;bg_slider&quot;:false,&quot;keep_padding&quot;:false,&quot;hoverpause&quot;:false,&quot;show_slide_delay&quot;:0}\"  itemprop=\"image\" itemscope=\"itemscope\" itemtype=\"https:\/\/schema.org\/ImageObject\" ><ul class='avia-slideshow-inner ' style='padding-bottom: 28.666666666667%;'><li  class='avia-slideshow-slide av-jyg5qfmd-8fecb30350ab41f0388364ab9209e296__0  av-single-slide slide-1 slide-odd'><div data-rel='slideshow-1' class='avia-slide-wrap '   ><img decoding=\"async\" fetchpriority=\"high\" class=\"wp-image-33 avia-img-lazy-loading-not-33\"  src=\"https:\/\/www.martina-fricke.com\/wp-content\/uploads\/2019\/07\/Header_evtl-1500x430.png\" width=\"1500\" height=\"430\" title='Coaching Martina Fricke Deutschland - Header' alt=''  itemprop=\"thumbnailUrl\"   \/><\/div><\/li><\/ul><\/div><\/div>\n\n<style type=\"text\/css\" data-created_by=\"avia_inline_auto\" id=\"style-css-av-jyj11d3h-4c64fcffec4f182d000bda456c6b5601\">\n.avia-section.av-jyj11d3h-4c64fcffec4f182d000bda456c6b5601{\nbackground-repeat:no-repeat;\nbackground-image:url(https:\/\/www.martina-fricke.com\/wp-content\/uploads\/2019\/07\/colour-1885352_1920-1030x728.jpg);\nbackground-position:0% 0%;\nbackground-attachment:fixed;\n}\n.avia-section.av-jyj11d3h-4c64fcffec4f182d000bda456c6b5601 .av-section-color-overlay{\nopacity:0.2;\nbackground-color:#000000;\n}\n<\/style>\n<div id='av_section_1'  class='avia-section av-jyj11d3h-4c64fcffec4f182d000bda456c6b5601 main_color avia-section-small avia-no-border-styling  avia-builder-el-1  el_after_av_slideshow_full  el_before_av_hr  avia-full-stretch avia-bg-style-fixed av-section-color-overlay-active av-minimum-height av-minimum-height-custom av-height-custom  container_wrap fullsize'  data-section-bg-repeat='stretch' data-av_minimum_height_px='5'><div class=\"av-section-color-overlay-wrap\"><div class=\"av-section-color-overlay\"><\/div><div class='container av-section-cont-open' style='height:5px'><div class='template-page content  av-content-full alpha units'><div class='post-entry post-entry-type-page post-entry-434'><div class='entry-content-wrapper clearfix'>\n\n<style type=\"text\/css\" data-created_by=\"avia_inline_auto\" id=\"style-css-av-jzijkuun-86b1170ea55d4afbf9abd19675b0e133\">\n#top .av-special-heading.av-jzijkuun-86b1170ea55d4afbf9abd19675b0e133{\nmargin:0 0 0 0;\npadding-bottom:0;\ncolor:#ffffff;\nfont-size:29px;\n}\nbody .av-special-heading.av-jzijkuun-86b1170ea55d4afbf9abd19675b0e133 .av-special-heading-tag .heading-char{\nfont-size:25px;\n}\n#top #wrap_all .av-special-heading.av-jzijkuun-86b1170ea55d4afbf9abd19675b0e133 .av-special-heading-tag{\nfont-size:29px;\n}\n.av-special-heading.av-jzijkuun-86b1170ea55d4afbf9abd19675b0e133 .special-heading-inner-border{\nborder-color:#ffffff;\n}\n.av-special-heading.av-jzijkuun-86b1170ea55d4afbf9abd19675b0e133 .av-subheading{\nfont-size:15px;\n}\n\n@media only screen and (min-width: 480px) and (max-width: 767px){ \n#top #wrap_all .av-special-heading.av-jzijkuun-86b1170ea55d4afbf9abd19675b0e133 .av-special-heading-tag{\nfont-size:0.8em;\n}\n}\n\n@media only screen and (max-width: 479px){ \n#top #wrap_all .av-special-heading.av-jzijkuun-86b1170ea55d4afbf9abd19675b0e133 .av-special-heading-tag{\nfont-size:0.8em;\n}\n}\n<\/style>\n<div  class='av-special-heading av-jzijkuun-86b1170ea55d4afbf9abd19675b0e133 av-special-heading-h3 custom-color-heading blockquote modern-quote modern-centered  avia-builder-el-2  avia-builder-el-no-sibling  av-inherit-size'><h3 class='av-special-heading-tag '  itemprop=\"headline\"  >Die Potentialentdeckerin <span class='special_amp'>&amp;<\/span> Life Coach<\/h3><div class=\"special-heading-border\"><div class=\"special-heading-inner-border\"><\/div><\/div><\/div>\n<\/div><\/div><\/div><!-- close content main div --><\/div><\/div><\/div><div id='after_section_1'  class='main_color av_default_container_wrap container_wrap fullsize'  ><div class='container av-section-cont-open' ><div class='template-page content  av-content-full alpha units'><div class='post-entry post-entry-type-page post-entry-434'><div class='entry-content-wrapper clearfix'>\n<div  class='hr av-emsua-2b12a12623c5eed28238764d5184dc33 hr-default  avia-builder-el-3  el_after_av_section  el_before_av_heading  avia-builder-el-first '><span class='hr-inner '><span class=\"hr-inner-style\"><\/span><\/span><\/div>\n\n<style type=\"text\/css\" data-created_by=\"avia_inline_auto\" id=\"style-css-av-av_heading-b3ca51a767d4416cb5abf9521bdb6e1e\">\n#top .av-special-heading.av-av_heading-b3ca51a767d4416cb5abf9521bdb6e1e{\nmargin:0 0 25px 0;\npadding-bottom:10px;\ncolor:#7f030c;\nfont-size:35px;\n}\nbody .av-special-heading.av-av_heading-b3ca51a767d4416cb5abf9521bdb6e1e .av-special-heading-tag .heading-char{\nfont-size:25px;\n}\n#top #wrap_all .av-special-heading.av-av_heading-b3ca51a767d4416cb5abf9521bdb6e1e .av-special-heading-tag{\nfont-size:35px;\n}\n.av-special-heading.av-av_heading-b3ca51a767d4416cb5abf9521bdb6e1e .special-heading-inner-border{\nborder-color:#7f030c;\n}\n.av-special-heading.av-av_heading-b3ca51a767d4416cb5abf9521bdb6e1e .av-subheading{\nfont-size:15px;\n}\n\n@media only screen and (min-width: 480px) and (max-width: 767px){ \n#top #wrap_all .av-special-heading.av-av_heading-b3ca51a767d4416cb5abf9521bdb6e1e .av-special-heading-tag{\nfont-size:0.8em;\n}\n}\n\n@media only screen and (max-width: 479px){ \n#top #wrap_all .av-special-heading.av-av_heading-b3ca51a767d4416cb5abf9521bdb6e1e .av-special-heading-tag{\nfont-size:0.8em;\n}\n}\n<\/style>\n<div  class='av-special-heading av-av_heading-b3ca51a767d4416cb5abf9521bdb6e1e av-special-heading-h3 custom-color-heading blockquote modern-quote modern-centered  avia-builder-el-4  el_after_av_hr  el_before_av_hr  av-inherit-size'><h3 class='av-special-heading-tag '  itemprop=\"headline\"  >Willst du das Beste aus dir und deinen Potentialen machen?<\/h3><div class=\"special-heading-border\"><div class=\"special-heading-inner-border\"><\/div><\/div><\/div>\n<div  class='hr av-jzgsq43g-41925d460bd784aa4c10dc4e0145d90c hr-short  avia-builder-el-5  el_after_av_heading  el_before_av_one_fourth  hr-center'><span class='hr-inner '><span class=\"hr-inner-style\"><\/span><\/span><\/div>\n\n<style type=\"text\/css\" data-created_by=\"avia_inline_auto\" id=\"style-css-av-joqzu-2e61a26b0f0ee06a5722e2b592d70994\">\n.flex_column.av-joqzu-2e61a26b0f0ee06a5722e2b592d70994{\nborder-radius:0px 0px 0px 0px;\npadding:0px 0px 0px 0px;\n}\n<\/style>\n<div  class='flex_column av-joqzu-2e61a26b0f0ee06a5722e2b592d70994 av_one_fourth  avia-builder-el-6  el_after_av_hr  el_before_av_one_half  first flex_column_div av-zero-column-padding  '     ><\/div>\n\n<style type=\"text\/css\" data-created_by=\"avia_inline_auto\" id=\"style-css-av-gx6w2-0112b7a16658947cb4ab09b174187a95\">\n.flex_column.av-gx6w2-0112b7a16658947cb4ab09b174187a95{\nborder-radius:0px 0px 0px 0px;\npadding:0px 0px 0px 0px;\n}\n<\/style>\n<div  class='flex_column av-gx6w2-0112b7a16658947cb4ab09b174187a95 av_one_half  avia-builder-el-7  el_after_av_one_fourth  el_before_av_one_fourth  flex_column_div av-zero-column-padding  '     ><style type=\"text\/css\" data-created_by=\"avia_inline_auto\" id=\"style-css-av-jzgsodig-2c6c748e13c9319d874e4bc03fa0a575\">\n#top .av_textblock_section.av-jzgsodig-2c6c748e13c9319d874e4bc03fa0a575 .avia_textblock{\nfont-size:19px;\n}\n<\/style>\n<section  class='av_textblock_section av-jzgsodig-2c6c748e13c9319d874e4bc03fa0a575 '   itemscope=\"itemscope\" itemtype=\"https:\/\/schema.org\/CreativeWork\" ><div class='avia_textblock'  itemprop=\"text\" ><p>Bist Du manchmal mit deiner Situation unzufrieden? Hast das Gef\u00fchl, in einer Sackgasse zu stecken?<br \/>\nWillst Du Dich ver\u00e4ndern und weiterentwickeln, weisst aber nicht wie? Nutzt Du Deine Potentiale und Ressourcen voll aus?<\/p>\n<p>Kennst Du das Gef\u00fchl, gar nicht genau zu wissen, was Du wirklich kannst, was noch tief in Dir schlummert; wer Du wirklich bist; was f\u00fcr ein Talent in Dir steckt?<\/p>\n<p>Wie w\u00fcrde es sich f\u00fcr Dich anf\u00fchlen, wenn Du endlich wei\u00dft, dass Du viel gr\u00f6\u00dfer bist als Du denkst!<br \/>\nWie w\u00e4re es f\u00fcr Dich, wenn aus Deinem Potential etwas ganz Gro\u00dfes entsteht?<\/p>\n<p>Egal, in welcher Lebenssituation Du Dich gerade befindest, begleite ich Dich als Dein pers\u00f6nlicher Life Coach auf dem Weg der Ver\u00e4nderung. Ich freue mich schon riesig darauf, mit Dir Dein wertvolles Potential freizulegen, damit auch Du ein gl\u00fcckliches, erfolgreiches, gesundes und erf\u00fclltes Leben f\u00fchren kannst, das Du Dir schon immer gew\u00fcnscht hast.<\/p>\n<p>M\u00f6chtest Du einen authentischen und kompetenten Gespr\u00e4chspartner, der Dir mit seiner Erfahrung vertrauensvoll zur Seite steht?<br \/>\nDann stehe ich Dir sehr gerne als Life Coach und Potentialentdeckerin zur Seite.<\/p>\n<p><strong>SICHERE DIR JETZT DEIN GRATIS COACHING<\/strong><\/p>\n<p>Melde Dich jetzt zu deinem kostenlosen 30 min\u00fctigem Erstgespr\u00e4ch an. Dieses Gespr\u00e4ch hat einen <span style=\"color: #ff9900;\">Wert von 149,00 Euro<\/span>. Das Coaching erfolgt entweder in einem pers\u00f6nlichen Gespr\u00e4ch oder telefonisch.<br \/>\nProfitiere auch Du, wie zahlreiche andere, von den einzigartigen Life Coach Tools und Techniken.<\/p>\n<p><strong><span style=\"color: #83a846;\"><em>LASS UNS GEMEINSAM ENTDECKEN, WAS IN DIR STECKT!<\/em><\/span><\/strong><\/p>\n<h4><\/h4>\n<\/div><\/section><\/div>\n<style type=\"text\/css\" data-created_by=\"avia_inline_auto\" id=\"style-css-av-845b6-fd09f0f5051bb7324908ab50fe633230\">\n.flex_column.av-845b6-fd09f0f5051bb7324908ab50fe633230{\nborder-radius:0px 0px 0px 0px;\npadding:0px 0px 0px 0px;\n}\n<\/style>\n<div  class='flex_column av-845b6-fd09f0f5051bb7324908ab50fe633230 av_one_fourth  avia-builder-el-9  el_after_av_one_half  el_before_av_one_fourth  flex_column_div av-zero-column-padding  '     ><\/div><\/p>\n\n<style type=\"text\/css\" data-created_by=\"avia_inline_auto\" id=\"style-css-av-nka56-60a1c0bfbd7af7880e64749fba0544d4\">\n.flex_column.av-nka56-60a1c0bfbd7af7880e64749fba0544d4{\nborder-radius:0px 0px 0px 0px;\npadding:0px 0px 0px 0px;\n}\n<\/style>\n<div  class='flex_column av-nka56-60a1c0bfbd7af7880e64749fba0544d4 av_one_fourth  avia-builder-el-10  el_after_av_one_fourth  el_before_av_one_half  first flex_column_div av-zero-column-padding  column-top-margin'     ><\/div>\n\n<style type=\"text\/css\" data-created_by=\"avia_inline_auto\" id=\"style-css-av-dm1je-3cb0c9f0389cd843bc5d67c83194d108\">\n.flex_column.av-dm1je-3cb0c9f0389cd843bc5d67c83194d108{\nborder-radius:0px 0px 0px 0px;\npadding:0px 0px 0px 0px;\n}\n<\/style>\n<div  class='flex_column av-dm1je-3cb0c9f0389cd843bc5d67c83194d108 av_one_half  avia-builder-el-11  el_after_av_one_fourth  el_before_av_one_fourth  flex_column_div av-zero-column-padding  column-top-margin'     ><style type=\"text\/css\" data-created_by=\"avia_inline_auto\" id=\"style-css-av-jzigkhed-ff9c0a502d72b2597adf8d60505834b9\">\n#top .av_textblock_section.av-jzigkhed-ff9c0a502d72b2597adf8d60505834b9 .avia_textblock{\nfont-size:16px;\n}\n<\/style>\n<section  class='av_textblock_section av-jzigkhed-ff9c0a502d72b2597adf8d60505834b9 '   itemscope=\"itemscope\" itemtype=\"https:\/\/schema.org\/CreativeWork\" ><div class='avia_textblock'  itemprop=\"text\" ><p class=\"lead\">Hier kannst du einen unverbindlichen <strong>Wunschtermin <\/strong>mit mir vereinbaren.<br \/>\nBitte f\u00fclle daf\u00fcr das folgende Formular aus.<\/p>\n<p><em>Bitte beachte: Es ist m\u00f6glich, dass dein Wunschtermin bereits anderweitig vergeben ist.<br \/>\nIn diesem Fall werden ich mich mit dir, bez\u00fcglich eines neuen Termins in Verbindung setzen.<\/em><\/p>\n<\/div><\/section><br \/>\n<section  class='av_textblock_section av-jzjvmiwc-02fe4b4cf48fbed0ebd379db7a9a09aa '   itemscope=\"itemscope\" itemtype=\"https:\/\/schema.org\/CreativeWork\" ><div class='avia_textblock'  itemprop=\"text\" ><div class=\"everest-forms\"><div class=\"evf-container default\" id=\"evf-444\"><form id=\"evf-form-444\" class=\"everest-form\" data-formid=\"444\" data-ajax_submission=\"0\" data-keyboard_friendly_form=\"0\" data-form_state_type=\"\" method=\"post\" enctype=\"multipart\/form-data\" action=\"\/index.php\/wp-json\/wp\/v2\/pages\/434\"><div class=\"evf-field-container\"><input type=\"hidden\" id=\"_wpnonce444\" name=\"_wpnonce444\" value=\"67b864fa99\" \/><input type=\"hidden\" name=\"_wp_http_referer\" value=\"\/index.php\/wp-json\/wp\/v2\/pages\/434\" \/><div class=\"evf-frontend-row\" data-row=\"row_1\" conditional_rules=\"[]\"><div class=\"evf-frontend-grid evf-grid-1\" data-grid=\"grid_1\"><div id=\"evf-444-field_fullname-container\" class=\"evf-field evf-field-text form-row\" data-field-id=\"fullname\"><label class=\"evf-field-label\" for=\"evf-444-field_fullname\"><span class=\"evf-label\">Name<\/span> <\/label><input type=\"text\" id=\"evf-444-field_fullname\" class=\"input-text\" name=\"everest_forms[form_fields][fullname]\" ><\/div><div id=\"evf-444-field_email-container\" class=\"evf-field evf-field-email form-row validate-required validate-email\" data-required-field-message=\"Please enter a valid email address.\" data-field-id=\"email\"><label class=\"evf-field-label\" for=\"evf-444-field_email\"><span class=\"evf-label\">Email<\/span> <abbr class=\"required\" title=\"Required\">*<\/abbr><\/label><input type=\"email\" id=\"evf-444-field_email\" class=\"input-text\" name=\"everest_forms[form_fields][email]\" required ><\/div><div id=\"evf-444-field_0rjjxB9rJa-1-container\" class=\"evf-field evf-field-date-time form-row\" data-field-id=\"0rjjxB9rJa-1\"><label class=\"evf-field-label\" for=\"evf-444-field_0rjjxB9rJa-1\"><span class=\"evf-label\">Wunschtermin<\/span> <\/label><input type=\"text\" id=\"evf-444-field_0rjjxB9rJa-1\" class=\"flatpickr-field input-text\" name=\"everest_forms[form_fields][0rjjxB9rJa-1]\" data-time-interval=\"15\" data-date-time=\"date-time\" data-mode=\"single\" data-locale=\"en\" data-date-format=\"Y-m-d H:i\"  ><\/div><div id=\"evf-444-field_message-container\" class=\"evf-field evf-field-textarea form-row\" data-field-id=\"message\"><label class=\"evf-field-label\" for=\"evf-444-field_message\"><span class=\"evf-label\">Nachricht<\/span> <\/label><textarea id=\"evf-444-field_message\" class=\"input-text\" name=\"everest_forms[form_fields][message]\"  ><\/textarea><div class=\"evf-field-description\">\r\n\r\n* Pflichtfeld \/ Datenschutzhinweis: Wenn Sie uns per Kontaktformular Anfragen zukommen lassen, werden Ihre Angaben aus dem Anfrageformular inklusive der von Ihnen dort angegebenen Kontaktdaten ausschlie\u00dflich zum Zweck der Bearbeitung der Anfrage und f\u00fcr den Fall von Anschlussfragen bei uns gespeichert. Diese Daten geben wir selbstverst\u00e4ndlich nicht an Dritte weiter. Sie k\u00f6nnen diese Einwilligung jederzeit widerrufen. Dazu reicht eine formlose Mitteilung per E-Mail an uns. Wir verwenden eine sichere SSL-Verschl\u00fcsselung f\u00fcr die \u00dcbermittlung der Daten.\r\n<\/div><\/div><\/div><\/div><\/div><div class=\"evf-honeypot-container evf-field-hp\"><label for=\"evf-444-field-hp\" class=\"evf-field-label\">Email<\/label><input type=\"text\" name=\"everest_forms[hp]\" id=\"evf-444-field-hp\" class=\"input-text\"><\/div><div class=\"evf-submit-container \" ><input type=\"hidden\" name=\"everest_forms[id]\" value=\"444\"><input type=\"hidden\" name=\"everest_forms[author]\" value=\"3\"><button type='submit' name='everest_forms[submit]' class='everest-forms-submit-button button evf-submit Senden' id='evf-submit-444' value='evf-submit' data-process-text=\"Wird bearbeitet\u2026\" conditional_rules='&quot;&quot;' conditional_id='evf-submit-444'  id=\"evf-submit-444\" aria-live=\"assertive\">Senden<\/button><\/div><\/form><\/div><!-- .evf-container --><\/div>\n<\/div><\/section><\/p><\/div>\n\n<style type=\"text\/css\" data-created_by=\"avia_inline_auto\" id=\"style-css-av-be8uq-d9d844b325173394a3332b720bdaa214\">\n.flex_column.av-be8uq-d9d844b325173394a3332b720bdaa214{\nborder-radius:0px 0px 0px 0px;\npadding:0px 0px 0px 0px;\n}\n<\/style>\n<div  class='flex_column av-be8uq-d9d844b325173394a3332b720bdaa214 av_one_fourth  avia-builder-el-14  el_after_av_one_half  el_before_av_section  avia-builder-el-last  flex_column_div av-zero-column-padding  column-top-margin'     ><\/div>\n<\/div><\/div><\/div><!-- close content main div --><\/div><\/div>\n<style type=\"text\/css\" data-created_by=\"avia_inline_auto\" id=\"style-css-av-jyj11d3h-b46b366131d4a66253298cf3959f3dd8\">\n.avia-section.av-jyj11d3h-b46b366131d4a66253298cf3959f3dd8{\nbackground-repeat:no-repeat;\nbackground-image:url(https:\/\/www.martina-fricke.com\/wp-content\/uploads\/2019\/07\/colour-1885352_1920-1030x728.jpg);\nbackground-position:0% 0%;\nbackground-attachment:fixed;\n}\n.avia-section.av-jyj11d3h-b46b366131d4a66253298cf3959f3dd8 .av-section-color-overlay{\nopacity:0.2;\nbackground-color:#000000;\n}\n<\/style>\n<div id='av_section_2'  class='avia-section av-jyj11d3h-b46b366131d4a66253298cf3959f3dd8 main_color avia-section-large avia-no-border-styling  avia-builder-el-15  el_after_av_one_fourth  avia-builder-el-last  avia-full-stretch avia-bg-style-fixed av-section-color-overlay-active av-minimum-height av-minimum-height-custom av-height-custom  container_wrap fullsize'  data-section-bg-repeat='stretch' data-av_minimum_height_px='50'><div class=\"av-section-color-overlay-wrap\"><div class=\"av-section-color-overlay\"><\/div><div class='container av-section-cont-open' style='height:50px'><div class='template-page content  av-content-full alpha units'><div class='post-entry post-entry-type-page post-entry-434'><div class='entry-content-wrapper clearfix'>\n\n<style type=\"text\/css\" data-created_by=\"avia_inline_auto\" id=\"style-css-av-1g2pp-ffb6c016596ce8ac1402c23d684af84d\">\n.flex_column.av-1g2pp-ffb6c016596ce8ac1402c23d684af84d{\nborder-radius:0px 0px 0px 0px;\npadding:0px 0px 0px 0px;\n}\n<\/style>\n<div  class='flex_column av-1g2pp-ffb6c016596ce8ac1402c23d684af84d av_one_full  avia-builder-el-16  avia-builder-el-no-sibling  first flex_column_div av-zero-column-padding  '     ><style type=\"text\/css\" data-created_by=\"avia_inline_auto\" id=\"style-css-av-jzguum5q-15f7cd57779297f81deb9cd394ca351a\">\n#top .av_textblock_section.av-jzguum5q-15f7cd57779297f81deb9cd394ca351a .avia_textblock{\ncolor:#ffffff;\n}\n<\/style>\n<section  class='av_textblock_section av-jzguum5q-15f7cd57779297f81deb9cd394ca351a '   itemscope=\"itemscope\" itemtype=\"https:\/\/schema.org\/CreativeWork\" ><div class='avia_textblock av_inherit_color'  itemprop=\"text\" ><h3 style=\"text-align: center;\">\u201eIn 20 Jahren wirst du die Dinge, die du nicht getan hast, mehr bedauern,<br \/>\nals deine Taten. Also, mach die Leinen los, verlasse den sicheren Hafen.<br \/>\nFang den Wind in deinen Segeln, erforsche, tr\u00e4ume, entdecke.\u201c<\/h3>\n<h4><\/h4>\n<h6 style=\"text-align: center;\">Mark Twain<\/h6>\n<\/div><\/section><\/div>\n\n","protected":false},"excerpt":{"rendered":"","protected":false},"author":3,"featured_media":0,"parent":0,"menu_order":0,"comment_status":"closed","ping_status":"closed","template":"","meta":{"_seopress_robots_primary_cat":"","_seopress_titles_title":"","_seopress_titles_desc":"","_seopress_robots_index":"","footnotes":""},"class_list":["post-434","page","type-page","status-publish","hentry"],"_links":{"self":[{"href":"https:\/\/www.martina-fricke.com\/index.php\/wp-json\/wp\/v2\/pages\/434","targetHints":{"allow":["GET"]}}],"collection":[{"href":"https:\/\/www.martina-fricke.com\/index.php\/wp-json\/wp\/v2\/pages"}],"about":[{"href":"https:\/\/www.martina-fricke.com\/index.php\/wp-json\/wp\/v2\/types\/page"}],"author":[{"embeddable":true,"href":"https:\/\/www.martina-fricke.com\/index.php\/wp-json\/wp\/v2\/users\/3"}],"replies":[{"embeddable":true,"href":"https:\/\/www.martina-fricke.com\/index.php\/wp-json\/wp\/v2\/comments?post=434"}],"version-history":[{"count":49,"href":"https:\/\/www.martina-fricke.com\/index.php\/wp-json\/wp\/v2\/pages\/434\/revisions"}],"predecessor-version":[{"id":907,"href":"https:\/\/www.martina-fricke.com\/index.php\/wp-json\/wp\/v2\/pages\/434\/revisions\/907"}],"wp:attachment":[{"href":"https:\/\/www.martina-fricke.com\/index.php\/wp-json\/wp\/v2\/media?parent=434"}],"curies":[{"name":"wp","href":"https:\/\/api.w.org\/{rel}","templated":true}]}}