{"id":55,"date":"2019-07-23T18:50:33","date_gmt":"2019-07-23T18:50:33","guid":{"rendered":"https:\/\/martina-fricke.com\/wordpress\/?page_id=55"},"modified":"2021-04-28T16:04:42","modified_gmt":"2021-04-28T16:04:42","slug":"kontakt","status":"publish","type":"page","link":"https:\/\/www.martina-fricke.com\/index.php\/kontakt\/","title":{"rendered":"Kontakt"},"content":{"rendered":"<div id='full_slider_1'  class='avia-fullwidth-slider main_color avia-shadow   avia-builder-el-0  el_before_av_section  avia-builder-el-first   container_wrap fullsize'  ><div  class='avia-slideshow av-jyg5qfmd-8fecb30350ab41f0388364ab9209e296 avia-slideshow-featured av_slideshow_full avia-slide-slider av-slideshow-ui av-control-default av-slideshow-manual av-loop-once av-loop-manual-endless av-default-height-applied   avia-slideshow-1' data-slideshow-options=\"{&quot;animation&quot;:&quot;slide&quot;,&quot;autoplay&quot;:false,&quot;loop_autoplay&quot;:&quot;once&quot;,&quot;interval&quot;:5,&quot;loop_manual&quot;:&quot;manual-endless&quot;,&quot;autoplay_stopper&quot;:false,&quot;noNavigation&quot;:false,&quot;bg_slider&quot;:false,&quot;keep_padding&quot;:false,&quot;hoverpause&quot;:false,&quot;show_slide_delay&quot;:0}\"  itemprop=\"image\" itemscope=\"itemscope\" itemtype=\"https:\/\/schema.org\/ImageObject\" ><ul class='avia-slideshow-inner ' style='padding-bottom: 28.666666666667%;'><li  class='avia-slideshow-slide av-jyg5qfmd-8fecb30350ab41f0388364ab9209e296__0  av-single-slide slide-1 slide-odd'><div data-rel='slideshow-1' class='avia-slide-wrap '   ><img decoding=\"async\" fetchpriority=\"high\" class=\"wp-image-33 avia-img-lazy-loading-not-33\"  src=\"https:\/\/www.martina-fricke.com\/wp-content\/uploads\/2019\/07\/Header_evtl-1500x430.png\" width=\"1500\" height=\"430\" title='Coaching Martina Fricke Deutschland - Header' alt=''  itemprop=\"thumbnailUrl\"   \/><\/div><\/li><\/ul><\/div><\/div>\n\n<style type=\"text\/css\" data-created_by=\"avia_inline_auto\" id=\"style-css-av-jyj11d3h-4c64fcffec4f182d000bda456c6b5601\">\n.avia-section.av-jyj11d3h-4c64fcffec4f182d000bda456c6b5601{\nbackground-repeat:no-repeat;\nbackground-image:url(https:\/\/www.martina-fricke.com\/wp-content\/uploads\/2019\/07\/colour-1885352_1920-1030x728.jpg);\nbackground-position:0% 0%;\nbackground-attachment:fixed;\n}\n.avia-section.av-jyj11d3h-4c64fcffec4f182d000bda456c6b5601 .av-section-color-overlay{\nopacity:0.2;\nbackground-color:#000000;\n}\n<\/style>\n<div id='av_section_1'  class='avia-section av-jyj11d3h-4c64fcffec4f182d000bda456c6b5601 main_color avia-section-small avia-no-border-styling  avia-builder-el-1  el_after_av_slideshow_full  el_before_av_hr  avia-full-stretch avia-bg-style-fixed av-section-color-overlay-active av-minimum-height av-minimum-height-custom av-height-custom  container_wrap fullsize'  data-section-bg-repeat='stretch' data-av_minimum_height_px='5'><div class=\"av-section-color-overlay-wrap\"><div class=\"av-section-color-overlay\"><\/div><div class='container av-section-cont-open' style='height:5px'><div class='template-page content  av-content-full alpha units'><div class='post-entry post-entry-type-page post-entry-55'><div class='entry-content-wrapper clearfix'>\n\n<style type=\"text\/css\" data-created_by=\"avia_inline_auto\" id=\"style-css-av-jzijke2m-5eabd6096c86d37e3ffd774413dcb2de\">\n#top .av-special-heading.av-jzijke2m-5eabd6096c86d37e3ffd774413dcb2de{\nmargin:0 0 0 0;\npadding-bottom:0;\ncolor:#ffffff;\nfont-size:29px;\n}\nbody .av-special-heading.av-jzijke2m-5eabd6096c86d37e3ffd774413dcb2de .av-special-heading-tag .heading-char{\nfont-size:25px;\n}\n#top #wrap_all .av-special-heading.av-jzijke2m-5eabd6096c86d37e3ffd774413dcb2de .av-special-heading-tag{\nfont-size:29px;\n}\n.av-special-heading.av-jzijke2m-5eabd6096c86d37e3ffd774413dcb2de .special-heading-inner-border{\nborder-color:#ffffff;\n}\n.av-special-heading.av-jzijke2m-5eabd6096c86d37e3ffd774413dcb2de .av-subheading{\nfont-size:15px;\n}\n\n@media only screen and (min-width: 480px) and (max-width: 767px){ \n#top #wrap_all .av-special-heading.av-jzijke2m-5eabd6096c86d37e3ffd774413dcb2de .av-special-heading-tag{\nfont-size:0.8em;\n}\n}\n\n@media only screen and (max-width: 479px){ \n#top #wrap_all .av-special-heading.av-jzijke2m-5eabd6096c86d37e3ffd774413dcb2de .av-special-heading-tag{\nfont-size:0.8em;\n}\n}\n<\/style>\n<div  class='av-special-heading av-jzijke2m-5eabd6096c86d37e3ffd774413dcb2de av-special-heading-h3 custom-color-heading blockquote modern-quote modern-centered  avia-builder-el-2  avia-builder-el-no-sibling  av-inherit-size'><h3 class='av-special-heading-tag '  itemprop=\"headline\"  >Die Potentialentdeckerin <span class='special_amp'>&amp;<\/span> Life Coach<\/h3><div class=\"special-heading-border\"><div class=\"special-heading-inner-border\"><\/div><\/div><\/div>\n<\/div><\/div><\/div><!-- close content main div --><\/div><\/div><\/div><div id='after_section_1'  class='main_color av_default_container_wrap container_wrap fullsize'  ><div class='container av-section-cont-open' ><div class='template-page content  av-content-full alpha units'><div class='post-entry post-entry-type-page post-entry-55'><div class='entry-content-wrapper clearfix'>\n<div  class='hr av-1o32z-db7276e787f8c30a4674dc1d780861af hr-default  avia-builder-el-3  el_after_av_section  el_before_av_heading  avia-builder-el-first '><span class='hr-inner '><span class=\"hr-inner-style\"><\/span><\/span><\/div>\n\n<style type=\"text\/css\" data-created_by=\"avia_inline_auto\" id=\"style-css-av-av_heading-84e77aaa2e00f98a1dbaf96d77118e51\">\n#top .av-special-heading.av-av_heading-84e77aaa2e00f98a1dbaf96d77118e51{\nmargin:0 0 25px 0;\npadding-bottom:10px;\ncolor:#7f030c;\nfont-size:35px;\n}\nbody .av-special-heading.av-av_heading-84e77aaa2e00f98a1dbaf96d77118e51 .av-special-heading-tag .heading-char{\nfont-size:25px;\n}\n#top #wrap_all .av-special-heading.av-av_heading-84e77aaa2e00f98a1dbaf96d77118e51 .av-special-heading-tag{\nfont-size:35px;\n}\n.av-special-heading.av-av_heading-84e77aaa2e00f98a1dbaf96d77118e51 .special-heading-inner-border{\nborder-color:#7f030c;\n}\n.av-special-heading.av-av_heading-84e77aaa2e00f98a1dbaf96d77118e51 .av-subheading{\nfont-size:15px;\n}\n\n@media only screen and (min-width: 480px) and (max-width: 767px){ \n#top #wrap_all .av-special-heading.av-av_heading-84e77aaa2e00f98a1dbaf96d77118e51 .av-special-heading-tag{\nfont-size:0.8em;\n}\n}\n\n@media only screen and (max-width: 479px){ \n#top #wrap_all .av-special-heading.av-av_heading-84e77aaa2e00f98a1dbaf96d77118e51 .av-special-heading-tag{\nfont-size:0.8em;\n}\n}\n<\/style>\n<div  class='av-special-heading av-av_heading-84e77aaa2e00f98a1dbaf96d77118e51 av-special-heading-h3 custom-color-heading blockquote modern-quote modern-centered  avia-builder-el-4  el_after_av_hr  el_before_av_hr  av-inherit-size'><h3 class='av-special-heading-tag '  itemprop=\"headline\"  >Ich freue mich auf Dich!<\/h3><div class=\"special-heading-border\"><div class=\"special-heading-inner-border\"><\/div><\/div><\/div>\n<div  class='hr av-jyliypvp-f1f46333d487381c3657c7c24c49b99a hr-short  avia-builder-el-5  el_after_av_heading  el_before_av_one_fourth  hr-center'><span class='hr-inner '><span class=\"hr-inner-style\"><\/span><\/span><\/div>\n\n<style type=\"text\/css\" data-created_by=\"avia_inline_auto\" id=\"style-css-av-2ap7b-8a9d93244305ae1c95d77bf21f4f195b\">\n.flex_column.av-2ap7b-8a9d93244305ae1c95d77bf21f4f195b{\nborder-radius:0px 0px 0px 0px;\npadding:0px 0px 0px 0px;\n}\n<\/style>\n<div  class='flex_column av-2ap7b-8a9d93244305ae1c95d77bf21f4f195b av_one_fourth  avia-builder-el-6  el_after_av_hr  el_before_av_one_half  first flex_column_div av-zero-column-padding  '     ><\/div>\n\n<style type=\"text\/css\" data-created_by=\"avia_inline_auto\" id=\"style-css-av-1jt5b-363abb63b0936a82bf10e682372e0a71\">\n.flex_column.av-1jt5b-363abb63b0936a82bf10e682372e0a71{\nborder-radius:0px 0px 0px 0px;\npadding:0px 0px 0px 0px;\n}\n<\/style>\n<div  class='flex_column av-1jt5b-363abb63b0936a82bf10e682372e0a71 av_one_half  avia-builder-el-7  el_after_av_one_fourth  el_before_av_one_fourth  flex_column_div av-zero-column-padding  '     ><form action=\"https:\/\/www.martina-fricke.com\/index.php\/kontakt\/\" method=\"post\" data-fields-with-error=\"Fehler wurden in folgenden Feld(ern) gefunden:\" class=\"avia_ajax_form av-form-labels-hidden   avia-builder-el-8  avia-builder-el-no-sibling   \" data-avia-form-id=\"1\" data-avia-redirect='' ><h3 class=''>Sende mir eine E-Mail<\/h3><fieldset><p class='  first_form  form_element form_fullwidth' id='element_avia_1_1'><label for=\"avia_1_1\">Name<\/label> <input name=\"avia_1_1\" class=\"text_input \" type=\"text\" id=\"avia_1_1\" value=\"\"  placeholder='Name'\/><\/p><p class='  first_form  form_element form_fullwidth' id='element_avia_2_1'><label for=\"avia_2_1\">E-Mail <abbr class=\"required\" title=\"ben\u00f6tigt\">*<\/abbr><\/label> <input name=\"avia_2_1\" class=\"text_input is_email\" type=\"text\" id=\"avia_2_1\" value=\"\"  placeholder='E-Mail*'\/><\/p><p class='  first_form  form_element form_fullwidth' id='element_avia_3_1'><label for=\"avia_3_1\">Betreff<\/label> <input name=\"avia_3_1\" class=\"text_input \" type=\"text\" id=\"avia_3_1\" value=\"\"  placeholder='Betreff'\/><\/p><p class='  first_form  form_element form_fullwidth' id='element_avia_4_1'><label for=\"avia_4_1\" class=\"textare_label hidden textare_label_avia_4_1\">Nachricht<\/label><textarea  placeholder='Nachricht' name=\"avia_4_1\" class=\"text_area \" cols=\"40\" rows=\"7\" id=\"avia_4_1\" ><\/textarea><\/p><div id='avia_5_1' class='av-form-text'><\/p>\n<div id=\"wa-container-wrapper-jiqcwwj31dvtlvl2ps\">\n<div id=\"wa-container-jiqcwwj31dvtlvl2ps\" class=\"container \">\n<div id=\"wa-row-jdx537qc11eyfl9wn4\" class=\"row row-align \">\n<div class=\" col-xs-12 col-sm-12 col-md-12 col-lg-12 \">\n<div id=\"wa-comptext-jdx534yk1dvadass8w\" class=\"wa-comptext clearfix\">\n<p><strong>* Pflichtfeld \/ Datenschutzhinweis:<\/strong> Wenn Sie uns per Kontaktformular Anfragen zukommen lassen, werden Ihre Angaben aus dem Anfrageformular inklusive der von Ihnen dort angegebenen Kontaktdaten ausschlie\u00dflich zum Zweck der Bearbeitung der Anfrage und f\u00fcr den Fall von Anschlussfragen bei uns gespeichert. Diese Daten geben wir selbstverst\u00e4ndlich\u00a0nicht an Dritte\u00a0weiter. Sie k\u00f6nnen diese Einwilligung jederzeit widerrufen. Dazu reicht eine formlose Mitteilung per E-Mail an uns.\u00a0Wir verwenden eine sichere SSL-Verschl\u00fcsselung f\u00fcr die \u00dcbermittlung der Daten.<\/p>\n<\/div>\n<\/div>\n<\/div>\n<\/div>\n<\/div>\n<p>\n<\/div><p class=\"hidden\"><input type=\"text\" name=\"avia_6_1\" class=\"hidden \" id=\"avia_6_1\" value=\"\" \/><\/p><p class='   form_element form_fullwidth' id='element_avia_7_1'><span class='value_verifier_label'>6 + 1 = ?<\/span><input name=\"avia_7_1_verifier\" type=\"hidden\" id=\"avia_7_1_verifier\" value=\"326177815\"\/><label for=\"avia_7_1\">Bitte l\u00f6se die Gleichung. Diese Ma\u00dfnahme dient der Abwehr von Spam <abbr class=\"required\" title=\"ben\u00f6tigt\">*<\/abbr><\/label><input name=\"avia_7_1\" class=\"text_input captcha\" type=\"text\" id=\"avia_7_1\" value=\"\"\/><\/p><p class=\"form_element \"><input type=\"hidden\" value=\"1\" name=\"avia_generated_form1\" \/><input type=\"submit\" value=\"Senden\" class=\"button\"  data-sending-label=\"Sende\"\/><\/p><\/fieldset><\/form><div id=\"ajaxresponse_1\" class=\"ajaxresponse ajaxresponse_1 hidden\"><\/div><\/div>\n<style type=\"text\/css\" data-created_by=\"avia_inline_auto\" id=\"style-css-av-qdfb-d2aade38bb213a26be209b9c22d073cc\">\n.flex_column.av-qdfb-d2aade38bb213a26be209b9c22d073cc{\nborder-radius:0px 0px 0px 0px;\npadding:0px 0px 0px 0px;\n}\n<\/style>\n<div  class='flex_column av-qdfb-d2aade38bb213a26be209b9c22d073cc av_one_fourth  avia-builder-el-9  el_after_av_one_half  el_before_av_hr  flex_column_div av-zero-column-padding  '     ><\/div><\/p>\n\n<style type=\"text\/css\" data-created_by=\"avia_inline_auto\" id=\"style-css-av-jylj7emy-07b87228542349a20d23945a4491de26\">\n#top .hr.hr-invisible.av-jylj7emy-07b87228542349a20d23945a4491de26{\nheight:50px;\n}\n<\/style>\n<div  class='hr av-jylj7emy-07b87228542349a20d23945a4491de26 hr-invisible  avia-builder-el-10  el_after_av_one_fourth  el_before_av_section  avia-builder-el-last '><span class='hr-inner '><span class=\"hr-inner-style\"><\/span><\/span><\/div>\n<\/div><\/div><\/div><!-- close content main div --><\/div><\/div>\n<style type=\"text\/css\" data-created_by=\"avia_inline_auto\" id=\"style-css-av-jyj11d3h-b46b366131d4a66253298cf3959f3dd8\">\n.avia-section.av-jyj11d3h-b46b366131d4a66253298cf3959f3dd8{\nbackground-repeat:no-repeat;\nbackground-image:url(https:\/\/www.martina-fricke.com\/wp-content\/uploads\/2019\/07\/colour-1885352_1920-1030x728.jpg);\nbackground-position:0% 0%;\nbackground-attachment:fixed;\n}\n.avia-section.av-jyj11d3h-b46b366131d4a66253298cf3959f3dd8 .av-section-color-overlay{\nopacity:0.2;\nbackground-color:#000000;\n}\n<\/style>\n<div id='av_section_2'  class='avia-section av-jyj11d3h-b46b366131d4a66253298cf3959f3dd8 main_color avia-section-large avia-no-border-styling  avia-builder-el-11  el_after_av_hr  avia-builder-el-last  avia-full-stretch avia-bg-style-fixed av-section-color-overlay-active av-minimum-height av-minimum-height-custom av-height-custom  container_wrap fullsize'  data-section-bg-repeat='stretch' data-av_minimum_height_px='50'><div class=\"av-section-color-overlay-wrap\"><div class=\"av-section-color-overlay\"><\/div><div class='container av-section-cont-open' style='height:50px'><div class='template-page content  av-content-full alpha units'><div class='post-entry post-entry-type-page post-entry-55'><div class='entry-content-wrapper clearfix'>\n","protected":false},"excerpt":{"rendered":"","protected":false},"author":3,"featured_media":0,"parent":0,"menu_order":0,"comment_status":"closed","ping_status":"closed","template":"","meta":{"_seopress_robots_primary_cat":"","_seopress_titles_title":"","_seopress_titles_desc":"Hier findest Du das Kontaktformular von Potenzialentdeckerin Coach Martina Fricke aus Wildeshausen im Landkreis Oldenburg.","_seopress_robots_index":"","footnotes":""},"class_list":["post-55","page","type-page","status-publish","hentry"],"_links":{"self":[{"href":"https:\/\/www.martina-fricke.com\/index.php\/wp-json\/wp\/v2\/pages\/55","targetHints":{"allow":["GET"]}}],"collection":[{"href":"https:\/\/www.martina-fricke.com\/index.php\/wp-json\/wp\/v2\/pages"}],"about":[{"href":"https:\/\/www.martina-fricke.com\/index.php\/wp-json\/wp\/v2\/types\/page"}],"author":[{"embeddable":true,"href":"https:\/\/www.martina-fricke.com\/index.php\/wp-json\/wp\/v2\/users\/3"}],"replies":[{"embeddable":true,"href":"https:\/\/www.martina-fricke.com\/index.php\/wp-json\/wp\/v2\/comments?post=55"}],"version-history":[{"count":36,"href":"https:\/\/www.martina-fricke.com\/index.php\/wp-json\/wp\/v2\/pages\/55\/revisions"}],"predecessor-version":[{"id":966,"href":"https:\/\/www.martina-fricke.com\/index.php\/wp-json\/wp\/v2\/pages\/55\/revisions\/966"}],"wp:attachment":[{"href":"https:\/\/www.martina-fricke.com\/index.php\/wp-json\/wp\/v2\/media?parent=55"}],"curies":[{"name":"wp","href":"https:\/\/api.w.org\/{rel}","templated":true}]}}